{"id":189,"date":"2021-07-24T22:36:14","date_gmt":"2021-07-25T01:36:14","guid":{"rendered":"https:\/\/www.oncomedi.com.br\/site\/?page_id=189"},"modified":"2021-08-15T21:05:53","modified_gmt":"2021-08-16T00:05:53","slug":"mastologia","status":"publish","type":"page","link":"https:\/\/www.oncomedi.com.br\/?page_id=189","title":{"rendered":"Mastologia"},"content":{"rendered":"\n<p class=\"has-drop-cap\">A mastologia \u00e9 a especialidade m\u00e9dica que estuda, diagnostica e trata as doen\u00e7as das mamas, sejam femininas ou masculinas.<\/p>\n\n\n\n<p>Assim que perceber qualquer altera\u00e7\u00e3o na mama procure o mastologista para uma avalia\u00e7\u00e3o completa e personalizada.<\/p>\n\n\n\n<p class=\"has-text-align-center has-huge-font-size\"><strong><em>A Oncomedi &#8211; Cl\u00ednica Oncol\u00f3gica &#8211; disponibiliza atendimento em mastologia.<\/em><\/strong><\/p>\n\n\n\n<p>Consulte com o <strong>Dr. Charles Ronald Van Santen<\/strong>, m\u00e9dico afiliado \u00e0 Sociedade Brasileira de Mastologia e receba todas as orienta\u00e7\u00f5es necess\u00e1rias.<\/p>\n\n\n\n<p>\u00c9 recomendado que seja feito mensalmente um autoexame. Para tanto, a mulher deve levantar uma m\u00e3o e, com a outra, tatear os seios \u00e0 procura de n\u00f3dulos, massas ou qualquer irregularidade. \u00c9 natural, que os homens pensem n\u00e3o estar sujeitos ao c\u00e2ncer de mama. No entanto, a possibilidade existe. Por isso, o autoexame \u00e9 t\u00e3o importante e fundamental, mantenha-o como h\u00e1bito em sua vida!<\/p>\n\n\n\n<p>Quando perceber qualquer anormalidade ou estiver acima dos 40 anos, \u00e9 recomendado dar in\u00edcio ao exame preventivo anual. O especialista realiza diversas an\u00e1lises e procedimentos para atestar a sa\u00fade das mamas. Alguns exames s\u00e3o:<\/p>\n\n\n\n<figure class=\"wp-block-table is-style-stripes\"><table class=\"has-fixed-layout\"><tbody><tr><td><img decoding=\"async\" class=\"wp-image-390\" style=\"width: 220px;\" src=\"https:\/\/www.oncomedi.com.br\/\/wp-content\/uploads\/2021\/08\/Novo-Projeto-86.jpg\" alt=\"\"><\/td><td><img decoding=\"async\" class=\"wp-image-387\" style=\"width: 220px;\" src=\"https:\/\/www.oncomedi.com.br\/\/wp-content\/uploads\/2021\/08\/Novo-Projeto-85.jpg\" alt=\"\"><\/td><td><img decoding=\"async\" class=\"wp-image-384\" style=\"width: 220px;\" src=\"https:\/\/www.oncomedi.com.br\/\/wp-content\/uploads\/2021\/08\/Novo-Projeto-84.jpg\" alt=\"\"><\/td><td><img decoding=\"async\" class=\"wp-image-381\" style=\"width: 220px;\" src=\"https:\/\/www.oncomedi.com.br\/\/wp-content\/uploads\/2021\/08\/Novo-Projeto-83.jpg\" alt=\"\"><\/td><\/tr><\/tbody><\/table><\/figure>\n\n\n\n<div class=\"wp-block-ive-ibtana-visual-editorbtn btn-inner-wrap ive-btn-main-parent_c22091-ff\"><div class=\"ive-btn-wrap ive-btn-unique_c22091-ff undefined ive-btn-wrap-0 ive-btn-align  text-center text-sm-center text-lg-center text-xl-center \"><a class=\"anchrstyle ive-button-ad_c22091-ff ive-button-0 ive-btn-0-action ive-btn-svg-showalways ive-btn-has-text-true\" href=\"https:\/\/web.whatsapp.com\/send?phone=554235217427&amp;text=\" target=\"_self\" rel=\"noreferrer noopener\"><span class=\"ive-btn-inner-text\">Marque aqui a sua Consulta M\u00e9dica<\/span><\/a><\/div><\/div>\n\n\n\n<p><\/p>\n","protected":false},"excerpt":{"rendered":"<p>A mastologia \u00e9 a especialidade m\u00e9dica que estuda, diagnostica e trata as doen\u00e7as das mamas, sejam femininas ou masculinas. Assim que perceber qualquer altera\u00e7\u00e3o na [&hellip;]<\/p>\n","protected":false},"author":1,"featured_media":0,"parent":0,"menu_order":0,"comment_status":"closed","ping_status":"closed","template":"","meta":{"_regular_price":[],"currency_symbol":[],"footnotes":""},"class_list":["post-189","page","type-page","status-publish","hentry"],"post_slider_layout_featured_media_urls":{"thumbnail":"","post_slider_layout_landscape_large":"","post_slider_layout_portrait_large":"","post_slider_layout_square_large":"","post_slider_layout_landscape":"","post_slider_layout_portrait":"","post_slider_layout_square":"","full":""},"_links":{"self":[{"href":"https:\/\/www.oncomedi.com.br\/index.php?rest_route=\/wp\/v2\/pages\/189","targetHints":{"allow":["GET"]}}],"collection":[{"href":"https:\/\/www.oncomedi.com.br\/index.php?rest_route=\/wp\/v2\/pages"}],"about":[{"href":"https:\/\/www.oncomedi.com.br\/index.php?rest_route=\/wp\/v2\/types\/page"}],"author":[{"embeddable":true,"href":"https:\/\/www.oncomedi.com.br\/index.php?rest_route=\/wp\/v2\/users\/1"}],"replies":[{"embeddable":true,"href":"https:\/\/www.oncomedi.com.br\/index.php?rest_route=%2Fwp%2Fv2%2Fcomments&post=189"}],"version-history":[{"count":37,"href":"https:\/\/www.oncomedi.com.br\/index.php?rest_route=\/wp\/v2\/pages\/189\/revisions"}],"predecessor-version":[{"id":418,"href":"https:\/\/www.oncomedi.com.br\/index.php?rest_route=\/wp\/v2\/pages\/189\/revisions\/418"}],"wp:attachment":[{"href":"https:\/\/www.oncomedi.com.br\/index.php?rest_route=%2Fwp%2Fv2%2Fmedia&parent=189"}],"curies":[{"name":"wp","href":"https:\/\/api.w.org\/{rel}","templated":true}]}}